{"id":1548,"date":"2025-04-25T14:36:49","date_gmt":"2025-04-25T14:36:49","guid":{"rendered":"https:\/\/www.trozllc.net\/website-haftungsausschluss\/"},"modified":"2025-07-03T10:10:34","modified_gmt":"2025-07-03T10:10:34","slug":"website-haftungsausschluss","status":"publish","type":"page","link":"https:\/\/www.trozllc.net\/de\/website-haftungsausschluss\/","title":{"rendered":"Website Haftungsausschluss"},"content":{"rendered":"\t\t<div data-elementor-type=\"wp-page\" data-elementor-id=\"1548\" class=\"elementor elementor-1548 elementor-900\" data-elementor-post-type=\"page\">\n\t\t\t\t\t\t<section class=\"elementor-section elementor-top-section elementor-element elementor-element-d523aa4 elementor-section-full_width elementor-section-stretched elementor-section-height-default elementor-section-height-default\" data-id=\"d523aa4\" data-element_type=\"section\" data-e-type=\"section\" data-settings=\"{&quot;stretch_section&quot;:&quot;section-stretched&quot;,&quot;background_background&quot;:&quot;classic&quot;}\">\n\t\t\t\t\t\t\t<div class=\"elementor-background-overlay\"><\/div>\n\t\t\t\t\t\t\t<div class=\"elementor-container elementor-column-gap-default\">\n\t\t\t\t\t<div class=\"elementor-column elementor-col-100 elementor-top-column elementor-element elementor-element-7ef5e2b\" data-id=\"7ef5e2b\" data-element_type=\"column\" data-e-type=\"column\">\n\t\t\t<div class=\"elementor-widget-wrap elementor-element-populated\">\n\t\t\t\t\t\t<div class=\"elementor-element elementor-element-bd37842 elementor-widget elementor-widget-heading\" data-id=\"bd37842\" data-element_type=\"widget\" data-e-type=\"widget\" data-widget_type=\"heading.default\">\n\t\t\t\t<div class=\"elementor-widget-container\">\n\t\t\t\t\t<h2 class=\"elementor-heading-title elementor-size-default\">Website Haftungsausschluss<\/h2>\t\t\t\t<\/div>\n\t\t\t\t<\/div>\n\t\t\t\t\t<\/div>\n\t\t<\/div>\n\t\t\t\t\t<\/div>\n\t\t<\/section>\n\t\t\t\t<section class=\"elementor-section elementor-top-section elementor-element elementor-element-edb5c78 elementor-section-stretched elementor-hidden-desktop elementor-hidden-tablet elementor-hidden-mobile elementor-section-boxed elementor-section-height-default elementor-section-height-default\" data-id=\"edb5c78\" data-element_type=\"section\" data-e-type=\"section\" data-settings=\"{&quot;stretch_section&quot;:&quot;section-stretched&quot;}\">\n\t\t\t\t\t\t<div class=\"elementor-container elementor-column-gap-default\">\n\t\t\t\t\t<div class=\"elementor-column elementor-col-100 elementor-top-column elementor-element elementor-element-4f519e6\" data-id=\"4f519e6\" data-element_type=\"column\" data-e-type=\"column\">\n\t\t\t<div class=\"elementor-widget-wrap elementor-element-populated\">\n\t\t\t\t\t\t<div class=\"elementor-element elementor-element-ae41e81 elementor-widget elementor-widget-heading\" data-id=\"ae41e81\" data-element_type=\"widget\" data-e-type=\"widget\" data-widget_type=\"heading.default\">\n\t\t\t\t<div class=\"elementor-widget-container\">\n\t\t\t\t\t<h2 class=\"elementor-heading-title elementor-size-default\">Website Haftungsausschluss \/ Rechtliche Hinweise<\/h2>\t\t\t\t<\/div>\n\t\t\t\t<\/div>\n\t\t\t\t<div class=\"elementor-element elementor-element-7248ed2 elementor-widget elementor-widget-text-editor\" data-id=\"7248ed2\" data-element_type=\"widget\" data-e-type=\"widget\" data-widget_type=\"text-editor.default\">\n\t\t\t\t<div class=\"elementor-widget-container\">\n\t\t\t\t\t\t\t\t\t<p>Version: 01.05.2025<\/p><p><strong>Copyright \/ Urheberrecht<\/strong><\/p><p>Der gesamte Inhalt dieser Website, einschlie\u00dflich der Texte, Bilder, Grafiken und Dokumente, ist urheberrechtlich gesch\u00fctzt und darf ohne vorherige schriftliche Zustimmung nicht kopiert, verbreitet oder wiederverwendet werden.<\/p><p>Alle Inhalte dieser Website, einschlie\u00dflich Texte, Bilder, Grafiken und Dokumente, sind urheberrechtlich gesch\u00fctzt und d\u00fcrfen ohne vorherige schriftliche Zustimmung nicht kopiert, verbreitet oder wiederverwendet werden.<\/p><p><strong>Markenzeichen \/ Handelsmarken<\/strong><\/p><p>Alle auf dieser Website erw\u00e4hnten Warenzeichen und Markennamen sind Eigentum der jeweiligen Inhaber.<\/p><p>Alle auf dieser Website genannten Marken und Warenzeichen sind Eigentum der jeweiligen Rechteinhaber.<\/p><p><strong>Gew\u00e4hrleistungsausschluss \/ Garantie<\/strong><\/p><p>Die Informationen auf dieser Website werden im Ist-Zustand ohne jegliche Garantie bereitgestellt, einschlie\u00dflich, aber nicht beschr\u00e4nkt auf die Eignung f\u00fcr einen bestimmten Zweck oder die Genauigkeit. TROZ LLC beh\u00e4lt sich das Recht vor, Inhalte jederzeit und ohne vorherige Ank\u00fcndigung zu \u00e4ndern oder zu entfernen. <\/p><p>Die Informationen auf dieser Website werden ohne Gew\u00e4hrleistung jeglicher Art bereitgestellt, insbesondere nicht f\u00fcr die Eignung f\u00fcr einen bestimmten Zweck oder Richtigkeit. TROZ LLC beh\u00e4lt sich das Recht vor, Inhalte jederzeit ohne vorherige Ank\u00fcndigung zu \u00e4ndern oder zu entfernen. <\/p><p><strong>Haftungsbeschr\u00e4nkung \/ Haftungsausschluss<\/strong><\/p><p>TROZ LLC haftet nicht f\u00fcr Sch\u00e4den, die durch die Nutzung oder Nichtnutzung der angebotenen Informationen entstehen, es sei denn, sie beruhen auf grober Fahrl\u00e4ssigkeit oder Vorsatz.<\/p><p>TROZ LLC haftet nicht f\u00fcr Sch\u00e4den, die aus der Nutzung oder Nichtverf\u00fcgbarkeit der bereitgestellten Informationen entstehen, es sei denn, diese beruhen auf grober Fahrl\u00e4ssigkeit oder Vorsatz.<\/p><p><strong>Externe Links \/ Links zu anderen Websites<\/strong><\/p><p>Diese Website kann Links zu externen Websites enthalten. TROZ LLC ist nicht verantwortlich f\u00fcr den Inhalt oder die Datenschutzpraktiken der externen Websites. <\/p><p>Diese Website kann Links zu externen Websites enthalten. TROZ LLC ist nicht verantwortlich f\u00fcr deren Inhalte oder Datenschutzpraktiken. <\/p><p><strong>Datenschutz \/ Data Protection<\/strong><\/p><p>TROZ LLC nimmt den Datenschutz ernst. Informationen zur Datenerhebung und -verarbeitung gem\u00e4\u00df GDPR finden Sie in der separaten Datenschutzrichtlinie. <\/p><p>TROZ LLC nimmt den Datenschutz ernst. Informationen zur Erhebung und Verarbeitung personenbezogener Daten gem\u00e4\u00df DSGVO finden Sie in der separaten Datenschutzerkl\u00e4rung. <\/p><p><strong>Geistiges Eigentum \/ Intellectual Property<\/strong><\/p><p>Durch diese Website wird keine Lizenz zur Nutzung des geistigen Eigentums von TROZ LLC, wie z.B. Patente, Marken oder urheberrechtlich gesch\u00fctztes Material, gew\u00e4hrt.<\/p><p>Diese Website gew\u00e4hrt keine Lizenzrechte zur Nutzung geistigen Eigentums von TROZ LLC, wie z. B.. Patente, Marken oder urheberrechtlich gesch\u00fctzte Inhalte.<\/p><p><strong>Rechtsg\u00fcltigkeit \/ Rechtswirksamkeit<\/strong><\/p><p>Sollten Teile dieses Haftungsausschlusses rechtsunwirksam sein, bleiben die \u00fcbrigen Teile g\u00fcltig.<\/p><p>Sollten Teile dieses Disclaimers rechtlich unwirksam sein, bleiben die \u00fcbrigen Teile davon unber\u00fchrt.<\/p><p><strong>Anwendbares Recht und Gerichtsstand \/ Applicable Law and Jurisdiction \/ Anwendbares Recht und Gerichtsstand<\/strong><\/p><p>Diese Website unterliegt den Gesetzen des Staates Delaware, USA. Gerichtsstand ist Dover, DE. <\/p><p>Diese Website unterliegt dem Recht des Bundesstaates Delaware, USA. Gerichtsstand ist Dover, DE. <\/p><p><span data-teams=\"true\"><strong>Rechtlicher &amp; steuerlicher Hinweis (Rechnungsstellung &amp; Mehrwertsteuer):<\/strong><br><\/span><\/p><p>Hey, ich muss dies zu meiner Disclaimer-Seite hinzuf\u00fcgen:<\/p><p>Rechtlicher &amp; steuerlicher Hinweis (Rechnungsstellung &amp; Mehrwertsteuer):<br>TROZ LLC ist eine Gesellschaft mit beschr\u00e4nkter Haftung, die im Bundesstaat Delaware, Vereinigte Staaten, registriert ist. Das Unternehmen unterh\u00e4lt keine st\u00e4ndige Niederlassung in der Europ\u00e4ischen Union, in China oder in einem anderen Land au\u00dferhalb der USA. <\/p><p>Alle Beratungsleistungen werden von au\u00dferhalb des Landes des Kunden aus erbracht. Die Rechnungen werden in US-Dollar ausgestellt und enthalten keine Mehrwertsteuer, GST oder lokale Verkaufssteuern.<br>F\u00fcr Kunden in der EU oder in Gro\u00dfbritannien gilt die Umkehrung der Steuerschuldnerschaft gem\u00e4\u00df der EU-Mehrwertsteuerrichtlinie 2006\/112\/EG. Die Kunden sind f\u00fcr die Veranlagung der Mehrwertsteuer in ihrer Gerichtsbarkeit selbst verantwortlich, sofern dies der Fall ist.  <\/p><p>Kunden au\u00dferhalb der USA sind allein f\u00fcr die Einhaltung aller lokalen Steuer-, Import- oder Quellensteuerpflichten verantwortlich, die sich aus grenz\u00fcberschreitenden Zahlungen ergeben k\u00f6nnen.<\/p><p>Indem Sie mit TROZ LLC in Kontakt treten, erkennen Sie an und akzeptieren, dass das Recht von Delaware (USA) alle Vertr\u00e4ge regelt und dass Wilmington, Delaware der ausschlie\u00dfliche Gerichtsstand f\u00fcr alle Rechtsstreitigkeiten ist.<\/p><p>F\u00fcr weitere Informationen wenden Sie sich bitte an: <a href=\"mailto:contact@trozllc.com\">contact@trozllc.com<\/a><\/p>\t\t\t\t\t\t\t\t<\/div>\n\t\t\t\t<\/div>\n\t\t\t\t\t<\/div>\n\t\t<\/div>\n\t\t\t\t\t<\/div>\n\t\t<\/section>\n\t\t\t\t<section class=\"elementor-section elementor-top-section elementor-element elementor-element-0254ebf elementor-section-boxed elementor-section-height-default elementor-section-height-default\" data-id=\"0254ebf\" data-element_type=\"section\" data-e-type=\"section\">\n\t\t\t\t\t\t<div class=\"elementor-container elementor-column-gap-default\">\n\t\t\t\t\t<div class=\"elementor-column elementor-col-100 elementor-top-column elementor-element elementor-element-ac3aea6\" data-id=\"ac3aea6\" data-element_type=\"column\" data-e-type=\"column\">\n\t\t\t<div class=\"elementor-widget-wrap elementor-element-populated\">\n\t\t\t\t\t\t<div class=\"elementor-element elementor-element-80048a2 elementor-widget elementor-widget-heading\" data-id=\"80048a2\" data-element_type=\"widget\" data-e-type=\"widget\" data-widget_type=\"heading.default\">\n\t\t\t\t<div class=\"elementor-widget-container\">\n\t\t\t\t\t<h2 class=\"elementor-heading-title elementor-size-default\">HAFTUNGSAUSSCHLUSS F\u00dcR DIE WEBSITE<\/h2>\t\t\t\t<\/div>\n\t\t\t\t<\/div>\n\t\t\t\t<div class=\"elementor-element elementor-element-7359b94 elementor-widget elementor-widget-text-editor\" data-id=\"7359b94\" data-element_type=\"widget\" data-e-type=\"widget\" data-widget_type=\"text-editor.default\">\n\t\t\t\t<div class=\"elementor-widget-container\">\n\t\t\t\t\t\t\t\t\t<p><strong><b>Version 01.01.2025<\/b><\/strong><\/p><p><strong><b>Copyright \/ Urheberrecht<\/b><\/strong><\/p><p>Der gesamte Inhalt dieser Website, einschlie\u00dflich Texte, Bilder, Grafiken und Dokumente, ist urheberrechtlich gesch\u00fctzt und darf ohne vorherige schriftliche Zustimmung nicht kopiert, verbreitet oder wiederverwendet werden.<br>Alle Inhalte dieser Website, einschlie\u00dflich Texte, Bilder, Grafiken und Dokumente, sind urheberrechtlich gesch\u00fctzt und d\u00fcrfen ohne vorherige schriftliche Zustimmung nicht kopiert, verbreitet oder wiederverwendet werden.<\/p><p><strong><b>Markenzeichen \/ Handelsmarken<\/b><\/strong><\/p><p>Alle auf dieser Website genannten Marken und Markennamen sind Eigentum der jeweiligen Rechteinhaber.<br>Alle auf dieser Website genannten Marken und Warenzeichen sind Eigentum der jeweiligen Rechteinhaber.<\/p><p><strong><b>Inhalte Dritter &amp; Unternehmensberichte \/ Drittinhalte &amp; Firmenprofile<\/b><\/strong><\/p><p>TROZ LLC kann Unternehmensprofile und technische Zusammenfassungen auf der Grundlage von \u00f6ffentlich zug\u00e4nglichen Quellen (z.B. Unternehmenswebseiten, Alibaba, Made-in-China) zusammenstellen.<br>Alle Logos, Produktbilder und Marken in diesen Materialien bleiben Eigentum der jeweiligen Inhaber und werden ausschlie\u00dflich zu Informations- und vergleichenden Forschungszwecken verwendet. TROZ LLC erhebt keinen Anspruch auf das Eigentum an Bild- oder Textinhalten Dritter.<br>Die Weiterverbreitung oder kommerzielle Nutzung der zusammengestellten Materialien ohne Genehmigung ist strengstens untersagt. <\/p><p>TROZ LLC kann Firmenprofile auf Grundlage \u00f6ffentlich zug\u00e4nglicher Quellen erstellen. Alle Marken, Bilder und Inhalte verbleiben im Eigentum der jeweiligen Rechteinhaber und dienen nur zur Information und zum Vergleich. TROZ LLC beansprucht kein Eigentum an Drittinhalten. Eine Weitergabe oder kommerzielle Nutzung ist ohne Genehmigung untersagt.   <\/p><p><strong><b>Gew\u00e4hrleistungsausschluss \/ Garantie<\/b><\/strong><\/p><p>Die Informationen auf dieser Website werden im Ist-Zustand ohne jegliche Garantie bereitgestellt, einschlie\u00dflich, aber nicht beschr\u00e4nkt auf die Eignung f\u00fcr einen bestimmten Zweck oder die Genauigkeit.<br>TROZ LLC beh\u00e4lt sich das Recht vor, Inhalte jederzeit ohne vorherige Ank\u00fcndigung zu \u00e4ndern oder zu entfernen.<\/p><p><strong><b>Haftungsbeschr\u00e4nkung \/ Haftungsausschluss<\/b><\/strong><\/p><p>TROZ LLC haftet nicht f\u00fcr Sch\u00e4den, die durch die Nutzung oder Nichtverf\u00fcgbarkeit der bereitgestellten Informationen entstehen, es sei denn, diese beruhen auf grober Fahrl\u00e4ssigkeit oder Vorsatz.<br>TROZ LLC haftet nicht f\u00fcr Sch\u00e4den, die aus der Nutzung oder Nichtverf\u00fcgbarkeit der bereitgestellten Informationen entstehen, es sei denn, diese beruhen auf grober Fahrl\u00e4ssigkeit oder Vorsatz.<\/p><p><strong><b>Externe Links \/ Links zu anderen Websites<\/b><\/strong><\/p><p>Diese Website kann Links zu externen Websites enthalten. TROZ LLC ist nicht verantwortlich f\u00fcr deren Inhalte oder Datenschutzpraktiken.<br>Diese Website kann Links zu externen Websites enthalten. TROZ LLC ist nicht verantwortlich f\u00fcr deren Inhalte oder Datenschutzpraktiken.  <\/p><p><strong><b>Datenschutz \/ Data Protection<\/b><\/strong><\/p><p>TROZ LLC nimmt den Datenschutz ernst. Informationen zur Erhebung und Verarbeitung personenbezogener Daten gem\u00e4\u00df GDPR finden Sie in der separaten Datenschutzerkl\u00e4rung.<br>TROZ LLC nimmt den Datenschutz ernst. Informationen zur Erhebung und Verarbeitung personenbezogener Daten gem\u00e4\u00df DSGVO finden Sie in der separaten Datenschutzerkl\u00e4rung.  <\/p><p><strong><b>Geistiges Eigentum \/ Intellectual Property<\/b><\/strong><\/p><p>Kein Teil dieser Website gew\u00e4hrt eine Lizenz zur Nutzung des geistigen Eigentums von TROZ LLC, wie z. B. Patente, Marken oder urheberrechtlich gesch\u00fctzte Inhalte.<br>Diese Website gew\u00e4hrt keine Lizenzrechte zur Nutzung geistigen Eigentums von TROZ LLC, wie z. B. Patente, Marken oder urheberrechtlich gesch\u00fctzte Inhalte.<\/p><p><strong><b>Legal &amp; Tax Disclaimer (Rechnungsstellung &amp; Mehrwertsteuer) \/ Steuerrechtliche Hinweise<\/b><\/strong><\/p><p>TROZ LLC ist eine Gesellschaft mit beschr\u00e4nkter Haftung, die im Bundesstaat Delaware, Vereinigte Staaten, registriert ist. Das Unternehmen unterh\u00e4lt keine st\u00e4ndige Niederlassung in der Europ\u00e4ischen Union, in China oder in einem anderen Land au\u00dferhalb der USA. <\/p><p>Alle Beratungsleistungen werden von au\u00dferhalb des Landes des Kunden aus erbracht. Die Rechnungen werden in US-Dollar ausgestellt und enthalten keine Mehrwertsteuer, GST oder lokale Verkaufssteuern. <\/p><p>F\u00fcr Kunden in der EU oder im Vereinigten K\u00f6nigreich gilt die Umkehrung der Steuerschuldnerschaft gem\u00e4\u00df der EU-Mehrwertsteuerrichtlinie 2006\/112\/EG. Die Kunden sind selbst f\u00fcr die Veranlagung der Mehrwertsteuer in ihrer Gerichtsbarkeit verantwortlich, sofern anwendbar. <\/p><p>Kunden au\u00dferhalb der USA sind allein f\u00fcr die Einhaltung aller lokalen Steuer-, Import- oder Quellensteuerpflichten verantwortlich, die sich aus grenz\u00fcberschreitenden Zahlungen ergeben k\u00f6nnen.<\/p><p>Indem Sie mit TROZ LLC zusammenarbeiten, erkennen Sie an und akzeptieren, dass <strong><b>Delaware (USA) Recht alle Vertr\u00e4ge regelt<\/b><\/strong>und dass <strong><b>Wilmington, Delaware der ausschlie\u00dfliche Gerichtsstand ist<\/b><\/strong> f\u00fcr alle Rechtsstreitigkeiten ist.<\/p><p>F\u00fcr weitere Informationen wenden Sie sich bitte an: contact@trozllc.com<\/p><p><strong><b>Rechtsg\u00fcltigkeit \/ Rechtswirksamkeit<\/b><\/strong><\/p><p>Sollten Teile dieses Disclaimers rechtsunwirksam sein, bleiben die \u00fcbrigen Teile davon unber\u00fchrt.<br>Sollten Teile dieses Disclaimers rechtlich unwirksam sein, bleiben die \u00fcbrigen Teile davon unber\u00fchrt.<\/p><p> <\/p>\t\t\t\t\t\t\t\t<\/div>\n\t\t\t\t<\/div>\n\t\t\t\t\t<\/div>\n\t\t<\/div>\n\t\t\t\t\t<\/div>\n\t\t<\/section>\n\t\t\t\t<\/div>\n\t\t","protected":false},"excerpt":{"rendered":"<p>Website Haftungsausschluss \/ Rechtliche Hinweise Version: 01.05.2025 Copyright \/ Urheberrecht Der gesamte Inhalt dieser Website, einschlie\u00dflich der Texte, Bilder, Grafiken [&hellip;]<\/p>\n","protected":false},"author":6,"featured_media":0,"parent":0,"menu_order":0,"comment_status":"closed","ping_status":"closed","template":"","meta":{"site-sidebar-layout":"no-sidebar","site-content-layout":"","ast-site-content-layout":"full-width-container","site-content-style":"default","site-sidebar-style":"default","ast-global-header-display":"","ast-banner-title-visibility":"","ast-main-header-display":"","ast-hfb-above-header-display":"","ast-hfb-below-header-display":"","ast-hfb-mobile-header-display":"","site-post-title":"disabled","ast-breadcrumbs-content":"","ast-featured-img":"disabled","footer-sml-layout":"","ast-disable-related-posts":"","theme-transparent-header-meta":"default","adv-header-id-meta":"","stick-header-meta":"","header-above-stick-meta":"","header-main-stick-meta":"","header-below-stick-meta":"","astra-migrate-meta-layouts":"default","ast-page-background-enabled":"default","ast-page-background-meta":{"desktop":{"background-color":"var(--ast-global-color-5)","background-image":"","background-repeat":"repeat","background-position":"center center","background-size":"auto","background-attachment":"scroll","background-type":"","background-media":"","overlay-type":"","overlay-color":"","overlay-opacity":"","overlay-gradient":""},"tablet":{"background-color":"","background-image":"","background-repeat":"repeat","background-position":"center center","background-size":"auto","background-attachment":"scroll","background-type":"","background-media":"","overlay-type":"","overlay-color":"","overlay-opacity":"","overlay-gradient":""},"mobile":{"background-color":"","background-image":"","background-repeat":"repeat","background-position":"center center","background-size":"auto","background-attachment":"scroll","background-type":"","background-media":"","overlay-type":"","overlay-color":"","overlay-opacity":"","overlay-gradient":""}},"ast-content-background-meta":{"desktop":{"background-color":"var(--ast-global-color-4)","background-image":"","background-repeat":"repeat","background-position":"center center","background-size":"auto","background-attachment":"scroll","background-type":"","background-media":"","overlay-type":"","overlay-color":"","overlay-opacity":"","overlay-gradient":""},"tablet":{"background-color":"var(--ast-global-color-4)","background-image":"","background-repeat":"repeat","background-position":"center center","background-size":"auto","background-attachment":"scroll","background-type":"","background-media":"","overlay-type":"","overlay-color":"","overlay-opacity":"","overlay-gradient":""},"mobile":{"background-color":"var(--ast-global-color-4)","background-image":"","background-repeat":"repeat","background-position":"center center","background-size":"auto","background-attachment":"scroll","background-type":"","background-media":"","overlay-type":"","overlay-color":"","overlay-opacity":"","overlay-gradient":""}},"footnotes":""},"class_list":["post-1548","page","type-page","status-publish","hentry"],"_links":{"self":[{"href":"https:\/\/www.trozllc.net\/de\/wp-json\/wp\/v2\/pages\/1548","targetHints":{"allow":["GET"]}}],"collection":[{"href":"https:\/\/www.trozllc.net\/de\/wp-json\/wp\/v2\/pages"}],"about":[{"href":"https:\/\/www.trozllc.net\/de\/wp-json\/wp\/v2\/types\/page"}],"author":[{"embeddable":true,"href":"https:\/\/www.trozllc.net\/de\/wp-json\/wp\/v2\/users\/6"}],"replies":[{"embeddable":true,"href":"https:\/\/www.trozllc.net\/de\/wp-json\/wp\/v2\/comments?post=1548"}],"version-history":[{"count":1,"href":"https:\/\/www.trozllc.net\/de\/wp-json\/wp\/v2\/pages\/1548\/revisions"}],"predecessor-version":[{"id":1549,"href":"https:\/\/www.trozllc.net\/de\/wp-json\/wp\/v2\/pages\/1548\/revisions\/1549"}],"wp:attachment":[{"href":"https:\/\/www.trozllc.net\/de\/wp-json\/wp\/v2\/media?parent=1548"}],"curies":[{"name":"wp","href":"https:\/\/api.w.org\/{rel}","templated":true}]}}